{"id":33356,"date":"2020-06-05T14:12:31","date_gmt":"2020-06-05T12:12:31","guid":{"rendered":"http:\/\/themedemos.webmandesign.eu\/cindy\/?page_id=24"},"modified":"2021-04-12T09:28:35","modified_gmt":"2021-04-12T07:28:35","slug":"home-1","status":"publish","type":"page","link":"https:\/\/magazyn.pleszew.pl\/index.php\/home-1\/","title":{"rendered":"Home 1"},"content":{"rendered":"\n<div class=\"wp-block-cover alignfull has-background-dim-90 has-palette-2-background-color has-background-dim has-parallax has-palette-5-border-color\" style=\"background-image:url(http:\/\/magazyn.pleszew.pl\/wp-content\/uploads\/2020\/06\/paladini-mauro-SbkXc5DdmfY-unsplash.jpg)\"><div class=\"wp-block-cover__inner-container\">\n<div style=\"height:100px\" aria-hidden=\"true\" class=\"wp-block-spacer\"><\/div>\n\n\n<div class=\"alignwide-wrap\" data-block=\"columns\">\n<div class=\"wp-block-columns alignwide\">\n<div class=\"wp-block-column\" style=\"flex-basis:50%\">\n<h1 class=\"has-huge-font-size\">A vibrant,<br \/>welcoming,<br \/>green city<\/h1>\n<\/div>\n\n\n\n<div class=\"wp-block-column is-vertically-aligned-bottom\" style=\"flex-basis:50%\">\n<p class=\"has-drop-cap has-large-font-size\">This is your world. Just let these leaves jump off the brush The man who does the best job is the one who is happy at his job. Isn\u2019t that fantastic? You have to allow the paint to break to make it beautiful.<\/p>\n<\/div>\n<\/div>\n<\/div>\n\n\n<div style=\"height:75px\" aria-hidden=\"true\" class=\"wp-block-spacer\"><\/div>\n\n\n<div class=\"alignwide-wrap\" data-block=\"columns\">\n<div class=\"wp-block-columns alignwide\">\n<div class=\"wp-block-column has-item-style\">\n<h2>For Business<\/h2>\n\n\n\n<p>This present moment is perfect simply due to the fact you\u2019re experiencing it. You can get away with a lot.<\/p>\n\n\n\n<div class=\"wp-block-buttons\">\n<div class=\"wp-block-button is-style-outline\"><a class=\"wp-block-button__link has-palette-5-color has-text-color\" href=\"\/cindy\/category\/for-business\/\">More info<\/a><\/div>\n<\/div>\n<\/div>\n\n\n\n<div class=\"wp-block-column has-item-style\">\n<h2>For Visitors<\/h2>\n\n\n\n<p>This present moment is perfect simply due to the fact you\u2019re experiencing it. You can get away with a lot.<\/p>\n\n\n\n<div class=\"wp-block-buttons\">\n<div class=\"wp-block-button is-style-outline\"><a class=\"wp-block-button__link has-palette-5-color has-text-color\" href=\"\/cindy\/category\/for-visitors\/\">More info<\/a><\/div>\n<\/div>\n<\/div>\n\n\n\n<div class=\"wp-block-column has-item-style\">\n<h2>For Residents<\/h2>\n\n\n\n<p>This present moment is perfect simply due to the fact you\u2019re experiencing it. You can get away with a lot.<\/p>\n\n\n\n<div class=\"wp-block-buttons\">\n<div class=\"wp-block-button is-style-outline\"><a class=\"wp-block-button__link has-palette-5-color has-text-color\" href=\"\/cindy\/category\/for-residents\/\">More info<\/a><\/div>\n<\/div>\n<\/div>\n<\/div>\n<\/div>\n\n\n<div style=\"height:75px\" aria-hidden=\"true\" class=\"wp-block-spacer\"><\/div>\n<\/div><\/div>\n\n\n\n<div style=\"height:100px\" aria-hidden=\"true\" class=\"wp-block-spacer\"><\/div>\n\n\n<div class=\"alignwide-wrap\" data-block=\"columns\">\n<div class=\"wp-block-columns alignwide\">\n<div class=\"wp-block-column\">\n<h2 class=\"has-palette-1-color has-text-color\">The least little bit can do so much<\/h2>\n\n\n\n<hr class=\"wp-block-separator is-style-wide\"\/>\n\n\n\n<p class=\"has-palette-1-color has-text-color has-large-font-size\"><strong>This present moment is perfect simply due to the fact you\u2019re experiencing it. This is probably the greatest thing to happen in my life to be able.<\/strong><\/p>\n<\/div>\n\n\n\n<div class=\"wp-block-column is-vertically-aligned-bottom\">\n<figure class=\"wp-block-image size-large\"><img src=\"http:\/\/magazyn.pleszew.pl\/wp-content\/uploads\/2020\/06\/businesswomen-in-an-office-4427501.jpg\" alt=\"\" class=\"wp-image-250\"\/><\/figure>\n<\/div>\n\n\n\n<div class=\"wp-block-column is-vertically-aligned-bottom\">\n<h3 class=\"h4\">A happy cloud<\/h3>\n\n\n\n<p>Just take out whatever you don\u2019t want. It\u2019ll change your entire perspective. This is where you take out all your hostilities and frustrations.<\/p>\n\n\n\n<h3 class=\"h4\">You take out<\/h3>\n\n\n\n<p>Maybe he has a little friend that lives right over here. At home you have unlimited time. Son of a gun. And maybe a little bush lives there. A happy cloud.<\/p>\n\n\n\n<figure class=\"wp-block-image size-large\"><img loading=\"lazy\" width=\"320\" height=\"90\" src=\"http:\/\/magazyn.pleszew.pl\/wp-content\/uploads\/2020\/06\/signature-webman-design-black-320.png\" alt=\"\" class=\"wp-image-354\"\/><\/figure>\n<\/div>\n<\/div>\n<\/div>\n\n\n<div style=\"height:75px\" aria-hidden=\"true\" class=\"wp-block-spacer\"><\/div>\n\n\n\n<div class=\"wp-block-cover alignfull has-background-dim-90 has-palette-2-background-color has-background-dim has-parallax has-palette-4-border-color\" style=\"background-image:url(http:\/\/magazyn.pleszew.pl\/wp-content\/uploads\/2020\/06\/paladini-mauro-SbkXc5DdmfY-unsplash.jpg)\"><div class=\"wp-block-cover__inner-container\">\n<div style=\"height:100px\" aria-hidden=\"true\" class=\"wp-block-spacer\"><\/div>\n\n\n<div class=\"alignwide-wrap\" data-block=\"columns\">\n<div class=\"wp-block-columns alignwide\">\n<div class=\"wp-block-column\">\n<figure class=\"wp-block-image size-large\"><img loading=\"lazy\" width=\"90\" height=\"100\" src=\"http:\/\/magazyn.pleszew.pl\/wp-content\/uploads\/2020\/06\/cindy-logo.png\" alt=\"Don't forget to set alternative text.\" class=\"wp-image-6\"\/><\/figure>\n\n\n\n<h2 class=\"has-no-margin-top\">Change your perspective<\/h2>\n\n\n\n<p>Just take out whatever you don\u2019t want. It\u2019ll change your entire perspective. This is where you take out all your hostilities and frustrations. It\u2019s better than kicking the puppy dog around and all that so. Look at them little rascals.<\/p>\n<\/div>\n\n\n\n<div class=\"wp-block-column\"><\/div>\n<\/div>\n<\/div>\n\n\n<div style=\"height:75px\" aria-hidden=\"true\" class=\"wp-block-spacer\"><\/div>\n\n\n<div class=\"alignwide-wrap\" data-block=\"coblocks-features\">\n<div class=\"wp-block-coblocks-features alignwide coblocks-features-58172032318\"><div class=\"wp-block-coblocks-features__inner has-columns has-4-columns has-responsive-columns has-center-content has-medium-gutter\">\n<div class=\"wp-block-coblocks-feature coblocks-feature-58172032478 has-item-style\"><div class=\"wp-block-coblocks-feature__inner has-no-padding\">\n<div class=\"wp-block-coblocks-icon\"><div class=\"wp-block-coblocks-icon__inner\" style=\"height:60px;width:60px\"><svg viewbox=\"0 0 20 20\" xmlns=\"http:\/\/www.w3.org\/2000\/svg\" role=\"img\" aria-hidden=\"true\"><path d=\"m9.99 0c-5.52 0-9.99 4.48-9.99 10s4.47 10 9.99 10c5.53 0 10.01-4.48 10.01-10s-4.48-10-10.01-10zm.01 18c-4.42 0-8-3.58-8-8s3.58-8 8-8 8 3.58 8 8-3.58 8-8 8zm3.5-9c.83 0 1.5-.67 1.5-1.5s-.67-1.5-1.5-1.5-1.5.67-1.5 1.5.67 1.5 1.5 1.5zm-7 0c.83 0 1.5-.67 1.5-1.5s-.67-1.5-1.5-1.5-1.5.67-1.5 1.5.67 1.5 1.5 1.5zm3.5 6.5c2.33 0 4.31-1.46 5.11-3.5h-10.22c.8 2.04 2.78 3.5 5.11 3.5z\"><\/path><\/svg><\/div><\/div>\n\n\n\n<h3 class=\"h4 has-palette-5-color has-text-color\">Easy To Use<\/h3>\n<\/div><\/div>\n\n\n\n<div class=\"wp-block-coblocks-feature coblocks-feature-58172032487 has-item-style\"><div class=\"wp-block-coblocks-feature__inner has-no-padding\">\n<div class=\"wp-block-coblocks-icon\"><div class=\"wp-block-coblocks-icon__inner\" style=\"height:60px;width:60px\"><svg viewbox=\"0 0 20 20\" xmlns=\"http:\/\/www.w3.org\/2000\/svg\" role=\"img\" aria-hidden=\"true\"><path d=\"m6.81904762 11.4952381c.14285714 0 .27619048-.0095238.40952381-.0285714.44761905 1.0952381 1.52380952 1.8666666 2.77142857 1.8666666 1.247619 0 2.3238095-.7714285 2.7714286-1.8666666.1333333.0190476.2761904.0285714.4095238.0285714 1.647619 0 2.9904762-1.3428571 2.9904762-2.9904762 0-.67619047-.2380953-1.32380952-.6380953-1.83809523.4095238-.51428572.6380953-1.16190477.6380953-1.83809524 0-1.64761905-1.3428572-2.99047619-2.9904762-2.99047619-.1428572 0-.2761905.00952381-.4095238.02857143-.4476191-1.0952381-1.5238096-1.86666667-2.7714286-1.86666667-1.24761905 0-2.32380952.77142857-2.77142857 1.86666667-.13333333-.01904762-.27619048-.02857143-.40952381-.02857143-1.64761905 0-2.99047619 1.34285714-2.99047619 2.99047619 0 .67619047.23809524 1.32380952.63809524 1.83809524-.40952381.51428571-.64761905 1.16190476-.64761905 1.83809523 0 1.6476191 1.34285714 2.9904762 3 2.9904762zm3.18095238-.0666667c-.59047619 0-1.06666667-.4666666-1.08571429-1.047619l.11428572-1.03809526c.3047619.11428572.62857143.18095238.97142857.18095238.3428571 0 .6761905-.06666666.9809524-.18095238l.1047619 1.03809526c-.0190476.5809524-.4952381 1.047619-1.0857143 1.047619zm3.1809524-1.83809521c-.2285714 0-.4380953-.06666667-.6095238-.19047619l-.7714286-.54285714c.5238095-.42857143.8952381-1.03809524 1.0095238-1.74285715l.8380952.4c.3809524.18095239.6285715.56190477.6285715.98095239 0 .6095238-.4952381 1.09523809-1.0952381 1.09523809zm-.6190476-5.65714286c.1904762-.12380952.4-.19047619.6190476-.19047619.6 0 1.0857143.48571429 1.0857143 1.08571429 0 .41904762-.2380953.79047619-.6285715.98095238l-.8380952.4c-.1142857-.70476191-.4857143-1.31428571-1.0190476-1.74285714zm-2.5619048-2.02857143c.5904762 0 1.0666667.46666667 1.0857143 1.04761905l-.1047619 1.03809524c-.3047619-.11428571-.6380953-.18095238-.9809524-.18095238-.34285714 0-.66666667.06666667-.97142857.18095238l-.11428572-1.03809524c.01904762-.58095238.4952381-1.04761905 1.08571429-1.04761905zm-3.18095238 1.83809524c.22857143 0 .43809524.06666667.60952381.19047619l.77142857.53333334c-.52380952.42857143-.8952381 1.03809523-1.00952381 1.74285714l-.83809524-.4c-.38095238-.19047619-.62857143-.56190476-.62857143-.98095238 0-.6.4952381-1.08571429 1.0952381-1.08571429zm-.46666667 3.78095238.83809524-.4c.11428571.70476191.48571429 1.31428572 1.01904762 1.74285715l-.77142857.52380952c-.19047619.12380952-.4.19047619-.61904762.19047619-.6 0-1.08571429-.48571428-1.08571429-1.08571428-.00952381-.40952381.23809524-.78095239.61904762-.97142858zm3.64761905 12.47619048c4.7333333 0 8.5714286-3.8380952 8.5714286-8.5714286-4.7333334 0-8.5714286 3.8380953-8.5714286 8.5714286zm2.3238095-2.3238095c.6761905-1.8095238 2.1142857-3.2571429 3.9238095-3.9238095-.6761904 1.8095238-2.1142857 3.247619-3.9238095 3.9238095zm-10.89523807-6.2476191c0 4.7333334 3.83809524 8.5714286 8.57142857 8.5714286 0-4.7333333-3.83809524-8.5714286-8.57142857-8.5714286zm2.32380952 2.3238096c1.80952381.6761904 3.25714286 2.1142857 3.92380953 3.9238095-1.80952381-.6761905-3.24761905-2.1142857-3.92380953-3.9238095z\"><\/path><\/svg><\/div><\/div>\n\n\n\n<h3 class=\"h4 has-palette-5-color has-text-color\">Lightweight<\/h3>\n<\/div><\/div>\n\n\n\n<div class=\"wp-block-coblocks-feature coblocks-feature-58172045857 has-item-style\"><div class=\"wp-block-coblocks-feature__inner has-no-padding\">\n<div class=\"wp-block-coblocks-icon\"><div class=\"wp-block-coblocks-icon__inner\" style=\"height:60px;width:60px\"><svg viewbox=\"0 0 20 20\" xmlns=\"http:\/\/www.w3.org\/2000\/svg\" role=\"img\" aria-hidden=\"true\"><path d=\"m18 2v12h-12v-12zm0-2h-12c-1.1 0-2 .9-2 2v12c0 1.1.9 2 2 2h12c1.1 0 2-.9 2-2v-12c0-1.1-.9-2-2-2zm-8.5 9.67 1.69 2.26 2.48-3.1 3.33 4.17h-10zm-9.5-5.67v14c0 1.1.9 2 2 2h14v-2h-14v-14z\"><\/path><\/svg><\/div><\/div>\n\n\n\n<h3 class=\"h4 has-palette-5-color has-text-color\">Drag &amp; Drop<\/h3>\n<\/div><\/div>\n\n\n\n<div class=\"wp-block-coblocks-feature coblocks-feature-58172419882 has-item-style\"><div class=\"wp-block-coblocks-feature__inner has-no-padding\">\n<div class=\"wp-block-coblocks-icon\"><div class=\"wp-block-coblocks-icon__inner\" style=\"height:60px;width:60px\"><svg viewbox=\"0 0 20 20\" xmlns=\"http:\/\/www.w3.org\/2000\/svg\" role=\"img\" aria-hidden=\"true\"><path d=\"m14.4389323 2.01845703v-.99840495c0-.54912272-.4492822-.99840494-.998405-.99840494h-11.98085933c-.54912272 0-.99840495.44928222-.99840495.99840494v3.99361979c0 .54912273.44928223.99840495.99840495.99840495h11.98085933c.5491228 0 .998405-.44928222.998405-.99840495v-.99840494h.9984049v3.99361979h-9.98404944v10.98245438c0 .5491228.44928223.998405.99840495.998405h1.99680989c.54912273 0 .99840495-.4492822.99840495-.998405v-8.9856445h7.98723955v-7.98723957zm-1.9968099 1.9968099h-9.98404948v-1.9968099h9.98404948z\" transform=\"translate(1)\"><\/path><\/svg><\/div><\/div>\n\n\n\n<h3 class=\"h4 has-palette-5-color has-text-color\">Customizable<\/h3>\n<\/div><\/div>\n<\/div><\/div>\n<\/div>\n\n<div class=\"alignwide-wrap\" data-block=\"coblocks-features\">\n<div class=\"wp-block-coblocks-features alignwide coblocks-features-58172032318\"><div class=\"wp-block-coblocks-features__inner has-columns has-4-columns has-responsive-columns has-center-content has-medium-gutter\">\n<div class=\"wp-block-coblocks-feature coblocks-feature-58172032478 has-item-style\"><div class=\"wp-block-coblocks-feature__inner has-no-padding\">\n<div class=\"wp-block-coblocks-icon\"><div class=\"wp-block-coblocks-icon__inner\" style=\"height:60px;width:60px\"><svg viewbox=\"0 0 20 20\" xmlns=\"http:\/\/www.w3.org\/2000\/svg\" role=\"img\" aria-hidden=\"true\"><path d=\"m10.8187411 12.8292466-2.30909089-2.2818182.02727273-.0272727c1.58181816-1.76363641 2.70909086-3.79090913 3.37272726-5.93636368h2.6636364v-1.81818182h-6.36363639v-1.81818181h-1.81818182v1.81818181h-6.36363636v1.80909091h10.15454547c-.60909092 1.75454546-1.57272729 3.41818182-2.8818182 4.87272728-.84545454-.93636364-1.54545454-1.96363637-2.1-3.04545455h-1.81818181c.66363636 1.48181818 1.57272727 2.88181818 2.7090909 4.14545456l-4.62727272 4.5636363 1.29090909 1.2909091 4.54545454-4.5454545 2.8272727 2.8272727zm5.1181818-4.60909094h-1.8181818l-4.0909091 10.90909094h1.8181818l1.0181819-2.7272728h4.3181818l1.0272727 2.7272728h1.8181818zm-2.3818181 6.36363634 1.4727272-3.9363636 1.4727273 3.9363636z\"><\/path><\/svg><\/div><\/div>\n\n\n\n<h3 class=\"h4 has-palette-5-color has-text-color\">Multilingual<\/h3>\n<\/div><\/div>\n\n\n\n<div class=\"wp-block-coblocks-feature coblocks-feature-58172032487 has-item-style\"><div class=\"wp-block-coblocks-feature__inner has-no-padding\">\n<div class=\"wp-block-coblocks-icon\"><div class=\"wp-block-coblocks-icon__inner\" style=\"height:60px;width:60px\"><svg viewbox=\"0 0 20 20\" xmlns=\"http:\/\/www.w3.org\/2000\/svg\" role=\"img\" aria-hidden=\"true\"><path d=\"m1.91428571 4.31428571 7.15238096 3.06666667-7.16190477-.95238095zm7.14285715 8.30476189-7.15238096 3.0666667v-2.1142857zm-9.04761905-11.19047617-.00952381 6.66666667 14.2857143 1.9047619-14.2857143 1.9047619.00952381 6.6666667 19.99047619-8.5714286z\"><\/path><\/svg><\/div><\/div>\n\n\n\n<h3 class=\"h4 has-palette-5-color has-text-color\">Speedy<\/h3>\n<\/div><\/div>\n\n\n\n<div class=\"wp-block-coblocks-feature coblocks-feature-58172045857 has-item-style\"><div class=\"wp-block-coblocks-feature__inner has-no-padding\">\n<div class=\"wp-block-coblocks-icon\"><div class=\"wp-block-coblocks-icon__inner\" style=\"height:60px;width:60px\"><svg viewbox=\"0 0 20 20\" xmlns=\"http:\/\/www.w3.org\/2000\/svg\" role=\"img\" aria-hidden=\"true\"><path d=\"m4.63589015 9.40022032v3.64467918l6.37818865 3.4806687 6.3781886-3.4806687v-3.64467918l-6.3781886 3.48066868zm6.37818865-9.2757086-10.02286786 5.46701882 10.02286786 5.46701886 8.2005282-4.47384377v6.29618337h1.8223396v-7.28935846z\" transform=\"translate(-1 1.713379)\"><\/path><\/svg><\/div><\/div>\n\n\n\n<h3 class=\"h4 has-palette-5-color has-text-color\">Documented<\/h3>\n<\/div><\/div>\n\n\n\n<div class=\"wp-block-coblocks-feature coblocks-feature-58172419882 has-item-style\"><div class=\"wp-block-coblocks-feature__inner has-no-padding\">\n<div class=\"wp-block-coblocks-icon\"><div class=\"wp-block-coblocks-icon__inner\" style=\"height:60px;width:60px\"><svg xmlns=\"http:\/\/www.w3.org\/2000\/svg\" viewbox=\"0 0 24 24\" role=\"img\" aria-hidden=\"true\"><path d=\"M0 0h24v24H0z\" fill=\"none\"><\/path><circle cx=\"12\" cy=\"4\" r=\"2\"><\/circle><path d=\"M19 13v-2c-1.54.02-3.09-.75-4.07-1.83l-1.29-1.43c-.17-.19-.38-.34-.61-.45-.01 0-.01-.01-.02-.01H13c-.35-.2-.75-.3-1.19-.26C10.76 7.11 10 8.04 10 9.09V15c0 1.1.9 2 2 2h5v5h2v-5.5c0-1.1-.9-2-2-2h-3v-3.45c1.29 1.07 3.25 1.94 5 1.95zm-6.17 5c-.41 1.16-1.52 2-2.83 2-1.66 0-3-1.34-3-3 0-1.31.84-2.41 2-2.83V12.1c-2.28.46-4 2.48-4 4.9 0 2.76 2.24 5 5 5 2.42 0 4.44-1.72 4.9-4h-2.07z\"><\/path><\/svg><\/div><\/div>\n\n\n\n<h3 class=\"h4 has-palette-5-color has-text-color\">Accessible<\/h3>\n<\/div><\/div>\n<\/div><\/div>\n<\/div>\n\n\n<div style=\"height:75px\" aria-hidden=\"true\" class=\"wp-block-spacer\"><\/div>\n<\/div><\/div>\n\n\n\n<div style=\"height:100px\" aria-hidden=\"true\" class=\"wp-block-spacer\"><\/div>\n\n\n<div class=\"alignwide-wrap\" data-block=\"columns\">\n<div class=\"wp-block-columns alignwide\">\n<div class=\"wp-block-column\">\n<h2>Learn about what&#8217;s going on from news articles<\/h2>\n<\/div>\n\n\n\n<div class=\"wp-block-column\">\n<p class=\"has-large-font-size\">This present moment is perfect simply due to the fact you\u2019re experiencing it. This is probably the greatest thing to happen in my life to be able to share this with you.<\/p>\n\n\n\n<div class=\"wp-block-buttons\">\n<div class=\"wp-block-button\"><a class=\"wp-block-button__link\" href=\"https:\/\/themedemos.webmandesign.eu\/cindy\/news\/\">News articles<\/a><\/div>\n<\/div>\n<\/div>\n<\/div>\n<\/div>\n\n\n<div style=\"height:75px\" aria-hidden=\"true\" class=\"wp-block-spacer\"><\/div>\n\n\n<div class=\"alignwide-wrap\" data-block=\"latest-posts\"><ul class=\"wp-block-latest-posts__list is-grid columns-3 has-dates alignwide wp-block-latest-posts\"><li><div class=\"wp-block-latest-posts__featured-image\"><img width=\"150\" height=\"150\" src=\"https:\/\/magazyn.pleszew.pl\/wp-content\/uploads\/2020\/02\/blocks-image-83-150x150.jpg\" class=\"attachment-thumbnail size-thumbnail wp-post-image\" alt=\"\" loading=\"lazy\" style=\"\" srcset=\"https:\/\/magazyn.pleszew.pl\/wp-content\/uploads\/2020\/02\/blocks-image-83-150x150.jpg 150w, https:\/\/magazyn.pleszew.pl\/wp-content\/uploads\/2020\/02\/blocks-image-83-300x300.jpg 300w, https:\/\/magazyn.pleszew.pl\/wp-content\/uploads\/2020\/02\/blocks-image-83-1024x1024.jpg 1024w, https:\/\/magazyn.pleszew.pl\/wp-content\/uploads\/2020\/02\/blocks-image-83-768x768.jpg 768w, https:\/\/magazyn.pleszew.pl\/wp-content\/uploads\/2020\/02\/blocks-image-83-256x256.jpg 256w, https:\/\/magazyn.pleszew.pl\/wp-content\/uploads\/2020\/02\/blocks-image-83.jpg 1320w\" sizes=\"(max-width: 150px) 100vw, 150px\" \/><\/div><a href=\"https:\/\/magazyn.pleszew.pl\/index.php\/2021\/04\/01\/czwarty-news\/\">czwarty news<\/a><div class=\"entry-meta\"><time datetime=\"2021-04-01T12:15:25+02:00\" class=\"wp-block-latest-posts__post-date\">1 kwietnia 2021<\/time><\/div><div class=\"wp-block-latest-posts__post-excerpt\"><div class=\"entry-summary\">\nWitryna u\u017cywa plik\u00f3w cookies do zapewnienia Ci maksymalnego komfortu korzystania. Kontynuuj\u0105c przegl\u0105danie naszej witryny bez zmiany ustawie\u0144 przegl\u0105darki, wyra\u017casz zgod\u0119 na u\u017cycie plik\u00f3w cookie. Zawsze mo\u017cesz zmieni\u0107 ustawienia przegl\u0105darki i zablokowa\u0107 te pliki.\n<\/div><div class=\"link-more-container\"><a href=\"https:\/\/magazyn.pleszew.pl\/index.php\/2021\/04\/01\/czwarty-news\/\" class=\"link-more\" aria-label=\"Continue reading czwarty news\">Continue reading&hellip;<\/a><\/div><\/div><\/li>\n<li><div class=\"wp-block-latest-posts__featured-image\"><img width=\"150\" height=\"150\" src=\"https:\/\/magazyn.pleszew.pl\/wp-content\/uploads\/2019\/12\/2019.12.07-KULT.-Film-plakat-Custom-150x150.jpg\" class=\"attachment-thumbnail size-thumbnail wp-post-image\" alt=\"\" loading=\"lazy\" style=\"\" srcset=\"https:\/\/magazyn.pleszew.pl\/wp-content\/uploads\/2019\/12\/2019.12.07-KULT.-Film-plakat-Custom-150x150.jpg 150w, https:\/\/magazyn.pleszew.pl\/wp-content\/uploads\/2019\/12\/2019.12.07-KULT.-Film-plakat-Custom-300x300.jpg 300w, https:\/\/magazyn.pleszew.pl\/wp-content\/uploads\/2019\/12\/2019.12.07-KULT.-Film-plakat-Custom-256x256.jpg 256w, https:\/\/magazyn.pleszew.pl\/wp-content\/uploads\/2019\/12\/2019.12.07-KULT.-Film-plakat-Custom-725x731.jpg 725w\" sizes=\"(max-width: 150px) 100vw, 150px\" \/><\/div><a href=\"https:\/\/magazyn.pleszew.pl\/index.php\/2021\/04\/01\/trzeci-news\/\">Trzeci news<\/a><div class=\"entry-meta\"><time datetime=\"2021-04-01T12:15:00+02:00\" class=\"wp-block-latest-posts__post-date\">1 kwietnia 2021<\/time><\/div><div class=\"wp-block-latest-posts__post-excerpt\"><div class=\"link-more-container\"><a href=\"https:\/\/magazyn.pleszew.pl\/index.php\/2021\/04\/01\/trzeci-news\/\" class=\"link-more\" aria-label=\"Continue reading Trzeci news\">Continue reading&hellip;<\/a><\/div><\/div><\/li>\n<li><div class=\"wp-block-latest-posts__featured-image\"><img width=\"150\" height=\"150\" src=\"https:\/\/magazyn.pleszew.pl\/wp-content\/uploads\/2020\/02\/blocks-image-85-150x150.jpg\" class=\"attachment-thumbnail size-thumbnail wp-post-image\" alt=\"\" loading=\"lazy\" style=\"\" srcset=\"https:\/\/magazyn.pleszew.pl\/wp-content\/uploads\/2020\/02\/blocks-image-85-150x150.jpg 150w, https:\/\/magazyn.pleszew.pl\/wp-content\/uploads\/2020\/02\/blocks-image-85-300x300.jpg 300w, https:\/\/magazyn.pleszew.pl\/wp-content\/uploads\/2020\/02\/blocks-image-85-1024x1024.jpg 1024w, https:\/\/magazyn.pleszew.pl\/wp-content\/uploads\/2020\/02\/blocks-image-85-768x768.jpg 768w, https:\/\/magazyn.pleszew.pl\/wp-content\/uploads\/2020\/02\/blocks-image-85-256x256.jpg 256w, https:\/\/magazyn.pleszew.pl\/wp-content\/uploads\/2020\/02\/blocks-image-85.jpg 1320w\" sizes=\"(max-width: 150px) 100vw, 150px\" \/><\/div><a href=\"https:\/\/magazyn.pleszew.pl\/index.php\/2021\/04\/01\/drugi-news\/\">Drugi news<\/a><div class=\"entry-meta\"><time datetime=\"2021-04-01T12:14:03+02:00\" class=\"wp-block-latest-posts__post-date\">1 kwietnia 2021<\/time><\/div><div class=\"wp-block-latest-posts__post-excerpt\"><div class=\"entry-summary\">\nWitryna u\u017cywa plik\u00f3w cookies do zapewnienia Ci maksymalnego komfortu korzystania. Kontynuuj\u0105c przegl\u0105danie naszej witryny bez zmiany ustawie\u0144 przegl\u0105darki, wyra\u017casz zgod\u0119 na u\u017cycie plik\u00f3w cookie. Zawsze mo\u017cesz zmieni\u0107 ustawienia przegl\u0105darki i zablokowa\u0107 te pliki.\n<\/div><div class=\"link-more-container\"><a href=\"https:\/\/magazyn.pleszew.pl\/index.php\/2021\/04\/01\/drugi-news\/\" class=\"link-more\" aria-label=\"Continue reading Drugi news\">Continue reading&hellip;<\/a><\/div><\/div><\/li>\n<\/ul><\/div>\n\n\n<div style=\"height:75px\" aria-hidden=\"true\" class=\"wp-block-spacer\"><\/div>\n\n\n\n<div class=\"wp-block-cover alignfull has-palette-4-background-color has-background-dim\"><div class=\"wp-block-cover__inner-container\">\n<div style=\"height:75px\" aria-hidden=\"true\" class=\"wp-block-spacer\"><\/div>\n\n\n<div class=\"alignwide-wrap\" data-block=\"columns\">\n<div class=\"wp-block-columns alignwide\">\n<div class=\"wp-block-column\" style=\"flex-basis:25%\">\n<h2 class=\"has-palette-1-color has-text-color\">Tags<\/h2>\n\n\n\n<p class=\"has-palette-1-color has-text-color\">Maybe he has a little friend that lives right over here. At home you have unlimited time. Son of a gun.<\/p>\n<\/div>\n\n\n\n<div class=\"wp-block-column\" style=\"flex-basis:25%\"><\/div>\n\n\n\n<div class=\"wp-block-column is-vertically-aligned-bottom has-palette-1-color has-text-color\" style=\"flex-basis:50%\"><p class=\"wp-block-tag-cloud\">Witryna nie zawiera tagi, wi\u0119c na t\u0105 chwile nie ma tu nic do wy\u015bwietlenia.<\/p><\/div>\n<\/div>\n<\/div>\n\n\n<div style=\"height:50px\" aria-hidden=\"true\" class=\"wp-block-spacer\"><\/div>\n<\/div><\/div>\n","protected":false},"excerpt":{"rendered":"<div class=\"entry-summary\">\n<img src=\"https:\/\/themedemos.webmandesign.eu\/cindy\/wp-content\/uploads\/sites\/25\/SAMPLE\/_cindy-logo.png\" alt=\"Cindy logo\" class=\"alignleft\" \/> This is your world. Just let these leaves jump off the brush The man who does the best job is the one who is happy at his job. Isn\u2019t that fantastic? You have to allow the paint to break to make it beautiful. Tree trunks grow however makes them happy.\n<\/div>\n<div class=\"link-more-container\"><a href=\"https:\/\/magazyn.pleszew.pl\/index.php\/home-1\/\" class=\"link-more\" aria-label=\"Continue reading Home 1\">Continue reading&hellip;<\/a><\/div>\n","protected":false},"author":2,"featured_media":33389,"parent":0,"menu_order":0,"comment_status":"closed","ping_status":"closed","template":"templates\/no-intro.php","meta":{"_coblocks_attr":"","_coblocks_dimensions":"{\"coblocks-features-58172032318\":{\"padding\":{\"paddingTop\":\"px\",\"paddingRight\":\"px\",\"paddingBottom\":\"px\",\"paddingLeft\":\"px\",\"paddingTopTablet\":null,\"paddingRightTablet\":null,\"paddingBottomTablet\":null,\"paddingLeftTablet\":null,\"paddingTopMobile\":null,\"paddingRightMobile\":null,\"paddingBottomMobile\":null,\"paddingLeftMobile\":null}}}","_coblocks_responsive_height":"","_coblocks_accordion_ie_support":""},"categories":[],"tags":[],"_links":{"self":[{"href":"https:\/\/magazyn.pleszew.pl\/index.php\/wp-json\/wp\/v2\/pages\/33356"}],"collection":[{"href":"https:\/\/magazyn.pleszew.pl\/index.php\/wp-json\/wp\/v2\/pages"}],"about":[{"href":"https:\/\/magazyn.pleszew.pl\/index.php\/wp-json\/wp\/v2\/types\/page"}],"author":[{"embeddable":true,"href":"https:\/\/magazyn.pleszew.pl\/index.php\/wp-json\/wp\/v2\/users\/2"}],"replies":[{"embeddable":true,"href":"https:\/\/magazyn.pleszew.pl\/index.php\/wp-json\/wp\/v2\/comments?post=33356"}],"version-history":[{"count":1,"href":"https:\/\/magazyn.pleszew.pl\/index.php\/wp-json\/wp\/v2\/pages\/33356\/revisions"}],"predecessor-version":[{"id":33393,"href":"https:\/\/magazyn.pleszew.pl\/index.php\/wp-json\/wp\/v2\/pages\/33356\/revisions\/33393"}],"wp:featuredmedia":[{"embeddable":true,"href":"https:\/\/magazyn.pleszew.pl\/index.php\/wp-json\/wp\/v2\/media\/33389"}],"wp:attachment":[{"href":"https:\/\/magazyn.pleszew.pl\/index.php\/wp-json\/wp\/v2\/media?parent=33356"}],"wp:term":[{"taxonomy":"category","embeddable":true,"href":"https:\/\/magazyn.pleszew.pl\/index.php\/wp-json\/wp\/v2\/categories?post=33356"},{"taxonomy":"post_tag","embeddable":true,"href":"https:\/\/magazyn.pleszew.pl\/index.php\/wp-json\/wp\/v2\/tags?post=33356"}],"curies":[{"name":"wp","href":"https:\/\/api.w.org\/{rel}","templated":true}]}}